{"id":3,"date":"2022-09-08T17:11:55","date_gmt":"2022-09-08T17:11:55","guid":{"rendered":"http:\/\/grupocdi.com.mx\/?page_id=3"},"modified":"2024-05-07T20:48:52","modified_gmt":"2024-05-07T20:48:52","slug":"privacy-policy","status":"publish","type":"page","link":"https:\/\/grupocdi.com.mx\/en\/privacy-policy\/","title":{"rendered":"Privacy Policy"},"content":{"rendered":"[et_pb_section fb_built=&#8221;1&#8243; admin_label=&#8221;section&#8221; _builder_version=&#8221;4.16&#8243; global_colors_info=&#8221;{}&#8221;][et_pb_row admin_label=&#8221;row&#8221; _builder_version=&#8221;4.16&#8243; background_size=&#8221;initial&#8221; background_position=&#8221;top_left&#8221; background_repeat=&#8221;repeat&#8221; global_colors_info=&#8221;{}&#8221;][et_pb_column type=&#8221;4_4&#8243; _builder_version=&#8221;4.16&#8243; custom_padding=&#8221;|||&#8221; global_colors_info=&#8221;{}&#8221; custom_padding__hover=&#8221;|||&#8221;][et_pb_text admin_label=&#8221;Text&#8221; _builder_version=&#8221;4.21.0&#8243; background_size=&#8221;initial&#8221; background_position=&#8221;top_left&#8221; background_repeat=&#8221;repeat&#8221; hover_enabled=&#8221;0&#8243; global_colors_info=&#8221;{}&#8221; text_font_size=&#8221;15px&#8221; sticky_enabled=&#8221;0&#8243;]<p><\/p>\n<p style=\"text-align: center;\"><strong>Aviso de Privacidad<\/strong><\/p>\n<p>Con base a la Ley Federal de Protecci\u00f3n de Datos Personales en Posesi\u00f3n de Particulares hacemos de su conocimiento que CDI LEON S.A.P.I. de C.V., con domicilio en Venecia #402, col. Andrade CP. 37370. Le\u00f3n, Gto. es responsable de recabar sus datos personales, del uso que se le d\u00e9 a los mismos y de su protecci\u00f3n.<\/p>\n<p>Los datos personales que recopilamos los destinamos \u00fanicamente a los siguientes prop\u00f3sitos:<\/p>\n<ol>\n<li>Prestaci\u00f3n de servicios cl\u00ednicos, asesor\u00eda m\u00e9dica presencial, dichos servicios podr\u00e1n variar dependiendo del cliente.<\/li>\n<li>Promoci\u00f3n de servicios relacionados a CDI LEON S.A.P.I. de C.V.,<\/li>\n<li>Procesos de Gesti\u00f3n cl\u00ednica.<\/li>\n<li>Procesos de Gesti\u00f3n Administrativa.<\/li>\n<li>Atenci\u00f3n y servicios a clientes.<\/li>\n<li>Contrataci\u00f3n, evaluaci\u00f3n y desarrollo de personal.<\/li>\n<li>Registro de proveedores y sus derivados.<\/li>\n<li>Registro de acceso y asistencia.<\/li>\n<li>Procesos relacionados a encuestas y evaluaciones de servicios o productos.<\/li>\n<li>Enviar informaci\u00f3n promocional de CDI LEON S.A.P.I. de C.V.,<\/li>\n<li>Validar, verificar estudios para apoyo en casos cl\u00ednicos, y diagnostico con terceros acreditados por CDI LEON S.A.P.I. de C.V.,<\/li>\n<li>Para fines estad\u00edsticos propios a nivel de estudio como cursos pr\u00e1cticos.<\/li>\n<\/ol>\n<p>&nbsp;<\/p>\n<p>Para llevar a cabo las finalidades descritas en el presente aviso de privacidad, utilizaremos los siguientes datos personales: nombre completo, edad, sexo, domicilio, tel\u00e9fono y correo electr\u00f3nico particulares, datos de p\u00f3lizas m\u00e9dicas de seguro, firma aut\u00f3grafa en algunos casos, y n\u00famero de tarjeta de cr\u00e9dito de ser necesarios.<\/p>\n<p>Adem\u00e1s de los datos mencionados en el p\u00e1rrafo anterior en algunas ocasiones ser\u00e1 meritorio recabar datos personales en espec\u00edfico como lo es: tipo sangu\u00edneo, padecimiento de enfermedades ven\u00e9reas o cr\u00f3nico degenerativas, para situaciones espec\u00edficas y particulares en las cuales se recabara su firma aut\u00f3grafa como consentimiento para el tratamiento de los datos.<\/p>\n<p>CDI LEON S.A.P.I. de C.V., cuenta con c\u00e1maras de vigilancia con comunicaci\u00f3n directa a seguridad p\u00fablica de ser necesario, las im\u00e1genes y sonidos captados por las c\u00e1maras de video vigilancia ser\u00e1n utilizados para su seguridad y de las personas que nos visitan.<\/p>\n<p>Para cumplir con los prop\u00f3sitos antes descritos, de manera interna los datos son utilizados por recepcionistas, m\u00e9dicos, auxiliares administrativos, autorizados por, CDI LEON S.A.P.I. de C.V.,<\/p>\n<p>CDI LEON S.A.P.I. de C.V., tiene implementadas medidas de seguridad administrativas, t\u00e9cnicas y f\u00edsicas para as\u00ed garantizar la protecci\u00f3n de sus datos personales contra da\u00f1o, p\u00e9rdida, alteraci\u00f3n, destrucci\u00f3n o el uso, acceso o tratamiento no autorizado.<\/p>\n<p>As\u00ed mismo se tomar\u00e1 en cuenta el riesgo existente, las posibles consecuencias para los titulares, la sensibilidad de los datos y el desarrollo tecnol\u00f3gico.<\/p>\n<p>Los responsables en el tratamiento de datos personales, observaran los principios de licitud, consentimiento, informaci\u00f3n, calidad, finalidad, lealtad, proporcionalidad y responsabilidad, previstos en la Ley.<\/p>\n<ul>\n<li><em><u>De los Derechos de los Titulares de Datos Personales<\/u><\/em><\/li>\n<\/ul>\n<p>Es importante informarle que usted tiene derecho al Acceso, Rectificaci\u00f3n y Cancelaci\u00f3n de sus datos personales, a Oponerse al tratamiento de los mismos o a revocar el consentimiento que para dicho fin nos haya otorgado.<\/p>\n<p>Para ello, es necesario que env\u00ede la solicitud en los t\u00e9rminos que marca la <em>Ley Federal de Protecci\u00f3n de Datos Personales en Posesi\u00f3n de los Particulares<\/em> en su Art. 29 a Victoria Leticia Le\u00f3n Guerrero \u00a0responsable de nuestro Departamento de Protecci\u00f3n de Datos Personales, se comunique v\u00eda correo electr\u00f3nico a Contacto: contacto@grupocdi.com.mx , o bien ,acuda directamente a CDI LEON S.A.P.I. de C.V., para hacernos saber el derecho que desea ejercer mediante un formato en papel que nosotros mismos pondremos a su disposici\u00f3n. La conclusi\u00f3n de su tr\u00e1mite la obtendr\u00e1 de igual manera por el medio elegido en un plazo no m\u00e1ximo a 15 d\u00edas h\u00e1biles.<\/p>\n<p>En caso de que no obtengamos su oposici\u00f3n expresa para el tratamiento de sus datos personales en la forma y t\u00e9rminos antes descrita, entenderemos que ha otorgado su consentimiento en forma t\u00e1cita para ello respaldado por los art\u00edculos 8 y 10 de la <em>Ley Federal de Protecci\u00f3n de Datos Personales en Posesi\u00f3n de los Particulares<\/em>, con la \u00fanica excepci\u00f3n de los <u>datos personales sensibles<\/u> los cuales en caso de haber proporcionado dar\u00e1 el consentimiento para el manejo con su firma aut\u00f3grafa al pie de este escrito y as\u00ed dar cumplimiento al art\u00edculo 9 de la <em>Ley Federal de Protecci\u00f3n de Datos Personales en Posesi\u00f3n de los Particulares<\/em> ,el consentimiento podr\u00e1 ser revocado en cualquier momento mediante el procedimiento expresado en el p\u00e1rrafo anterior .<\/p>\n<p>Nos reservamos el derecho de cambiar este Aviso de Privacidad en cualquier momento. En caso de que exista alg\u00fan cambio en este Aviso de Privacidad, podr\u00e1 consultarlo directamente en CDI LEON S.A.P.I. de C.V.,<\/p>\n<p>\u00daltima actualizaci\u00f3n 05\/06\/2023<\/p>\n<p><\/p>[\/et_pb_text][\/et_pb_column][\/et_pb_row][\/et_pb_section]","protected":false},"excerpt":{"rendered":"<p>Aviso de Privacidad Con base a la Ley Federal de Protecci\u00f3n de Datos Personales en Posesi\u00f3n de Particulares hacemos de su conocimiento que CDI LEON S.A.P.I. de C.V., con domicilio en Venecia #402, col. Andrade CP. 37370. Le\u00f3n, Gto. es responsable de recabar sus datos personales, del uso que se le d\u00e9 a los mismos [&hellip;]<\/p>","protected":false},"author":1,"featured_media":0,"parent":0,"menu_order":0,"comment_status":"closed","ping_status":"closed","template":"","meta":{"_et_pb_use_builder":"on","_et_pb_old_content":"<!-- wp:heading --><h2>Who we are<\/h2><!-- \/wp:heading --><!-- wp:paragraph --><p><strong class=\"privacy-policy-tutorial\">Suggested text: <\/strong>Our website address is: http:\/\/grupocdi.com.mx.<\/p><!-- \/wp:paragraph --><!-- wp:heading --><h2>Comments<\/h2><!-- \/wp:heading --><!-- wp:paragraph --><p><strong class=\"privacy-policy-tutorial\">Suggested text: <\/strong>When visitors leave comments on the site we collect the data shown in the comments form, and also the visitor&#8217;s IP address and browser user agent string to help spam detection.<\/p><!-- \/wp:paragraph --><!-- wp:paragraph --><p>An anonymized string created from your email address (also called a hash) may be provided to the Gravatar service to see if you are using it. The Gravatar service privacy policy is available here: https:\/\/automattic.com\/privacy\/. After approval of your comment, your profile picture is visible to the public in the context of your comment.<\/p><!-- \/wp:paragraph --><!-- wp:heading --><h2>Media<\/h2><!-- \/wp:heading --><!-- wp:paragraph --><p><strong class=\"privacy-policy-tutorial\">Suggested text: <\/strong>If you upload images to the website, you should avoid uploading images with embedded location data (EXIF GPS) included. Visitors to the website can download and extract any location data from images on the website.<\/p><!-- \/wp:paragraph --><!-- wp:heading --><h2>Cookies<\/h2><!-- \/wp:heading --><!-- wp:paragraph --><p><strong class=\"privacy-policy-tutorial\">Suggested text: <\/strong>If you leave a comment on our site you may opt-in to saving your name, email address and website in cookies. These are for your convenience so that you do not have to fill in your details again when you leave another comment. These cookies will last for one year.<\/p><!-- \/wp:paragraph --><!-- wp:paragraph --><p>If you visit our login page, we will set a temporary cookie to determine if your browser accepts cookies. This cookie contains no personal data and is discarded when you close your browser.<\/p><!-- \/wp:paragraph --><!-- wp:paragraph --><p>When you log in, we will also set up several cookies to save your login information and your screen display choices. Login cookies last for two days, and screen options cookies last for a year. If you select &quot;Remember Me&quot;, your login will persist for two weeks. If you log out of your account, the login cookies will be removed.<\/p><!-- \/wp:paragraph --><!-- wp:paragraph --><p>If you edit or publish an article, an additional cookie will be saved in your browser. This cookie includes no personal data and simply indicates the post ID of the article you just edited. It expires after 1 day.<\/p><!-- \/wp:paragraph --><!-- wp:heading --><h2>Embedded content from other websites<\/h2><!-- \/wp:heading --><!-- wp:paragraph --><p><strong class=\"privacy-policy-tutorial\">Suggested text: <\/strong>Articles on this site may include embedded content (e.g. videos, images, articles, etc.). Embedded content from other websites behaves in the exact same way as if the visitor has visited the other website.<\/p><!-- \/wp:paragraph --><!-- wp:paragraph --><p>These websites may collect data about you, use cookies, embed additional third-party tracking, and monitor your interaction with that embedded content, including tracking your interaction with the embedded content if you have an account and are logged in to that website.<\/p><!-- \/wp:paragraph --><!-- wp:heading --><h2>Who we share your data with<\/h2><!-- \/wp:heading --><!-- wp:paragraph --><p><strong class=\"privacy-policy-tutorial\">Suggested text: <\/strong>If you request a password reset, your IP address will be included in the reset email.<\/p><!-- \/wp:paragraph --><!-- wp:heading --><h2>How long we retain your data<\/h2><!-- \/wp:heading --><!-- wp:paragraph --><p><strong class=\"privacy-policy-tutorial\">Suggested text: <\/strong>If you leave a comment, the comment and its metadata are retained indefinitely. This is so we can recognize and approve any follow-up comments automatically instead of holding them in a moderation queue.<\/p><!-- \/wp:paragraph --><!-- wp:paragraph --><p>For users that register on our website (if any), we also store the personal information they provide in their user profile. All users can see, edit, or delete their personal information at any time (except they cannot change their username). Website administrators can also see and edit that information.<\/p><!-- \/wp:paragraph --><!-- wp:heading --><h2>What rights you have over your data<\/h2><!-- \/wp:heading --><!-- wp:paragraph --><p><strong class=\"privacy-policy-tutorial\">Suggested text: <\/strong>If you have an account on this site, or have left comments, you can request to receive an exported file of the personal data we hold about you, including any data you have provided to us. You can also request that we erase any personal data we hold about you. This does not include any data we are obliged to keep for administrative, legal, or security purposes.<\/p><!-- \/wp:paragraph --><!-- wp:heading --><h2>Where your data is sent<\/h2><!-- \/wp:heading --><!-- wp:paragraph --><p><strong class=\"privacy-policy-tutorial\">Suggested text: <\/strong>Visitor comments may be checked through an automated spam detection service.<\/p><!-- \/wp:paragraph -->","_et_gb_content_width":"","_themeisle_gutenberg_block_has_review":false,"footnotes":""},"class_list":["post-3","page","type-page","status-publish","hentry"],"_links":{"self":[{"href":"https:\/\/grupocdi.com.mx\/en\/wp-json\/wp\/v2\/pages\/3","targetHints":{"allow":["GET"]}}],"collection":[{"href":"https:\/\/grupocdi.com.mx\/en\/wp-json\/wp\/v2\/pages"}],"about":[{"href":"https:\/\/grupocdi.com.mx\/en\/wp-json\/wp\/v2\/types\/page"}],"author":[{"embeddable":true,"href":"https:\/\/grupocdi.com.mx\/en\/wp-json\/wp\/v2\/users\/1"}],"replies":[{"embeddable":true,"href":"https:\/\/grupocdi.com.mx\/en\/wp-json\/wp\/v2\/comments?post=3"}],"version-history":[{"count":2,"href":"https:\/\/grupocdi.com.mx\/en\/wp-json\/wp\/v2\/pages\/3\/revisions"}],"predecessor-version":[{"id":763,"href":"https:\/\/grupocdi.com.mx\/en\/wp-json\/wp\/v2\/pages\/3\/revisions\/763"}],"wp:attachment":[{"href":"https:\/\/grupocdi.com.mx\/en\/wp-json\/wp\/v2\/media?parent=3"}],"curies":[{"name":"wp","href":"https:\/\/api.w.org\/{rel}","templated":true}]}}