{"id":327,"date":"2022-10-14T19:48:09","date_gmt":"2022-10-14T19:48:09","guid":{"rendered":"http:\/\/grupocdi.com.mx\/?page_id=327"},"modified":"2025-04-16T04:42:06","modified_gmt":"2025-04-16T04:42:06","slug":"galeria","status":"publish","type":"page","link":"https:\/\/grupocdi.com.mx\/en\/galeria\/","title":{"rendered":"Gallery"},"content":{"rendered":"<p>[et_pb_section fb_built=&#8221;1&#8243; admin_label=&#8221;Features&#8221; _builder_version=&#8221;4.18.0&#8243; _module_preset=&#8221;default&#8221; background_color=&#8221;#FFFFFF&#8221; background_image=&#8221;http:\/\/grupocdi.com.mx\/wp-content\/uploads\/2022\/09\/dentist-13.png&#8221; saved_tabs=&#8221;all&#8221; locked=&#8221;off&#8221; collapsed=&#8221;on&#8221; global_colors_info=&#8221;{}&#8221;][et_pb_row _builder_version=&#8221;4.17.6&#8243; _module_preset=&#8221;default&#8221; max_width=&#8221;750px&#8221; global_colors_info=&#8221;{}&#8221;][et_pb_column type=&#8221;4_4&#8243; _builder_version=&#8221;4.17.6&#8243; _module_preset=&#8221;default&#8221; global_colors_info=&#8221;{}&#8221;][et_pb_text _builder_version=&#8221;4.18.0&#8243; _module_preset=&#8221;c16985e1-e0d6-4022-964d-e2bfc04fa633&#8243; header_font=&#8221;Cantata One||||||||&#8221; header_text_color=&#8221;#000000&#8243; header_font_size=&#8221;51px&#8221; header_letter_spacing=&#8221;0em&#8221; header_line_height=&#8221;1.2em&#8221; text_orientation=&#8221;center&#8221; header_font_size_tablet=&#8221;40px&#8221; header_font_size_phone=&#8221;24px&#8221; header_font_size_last_edited=&#8221;on|desktop&#8221; global_colors_info=&#8221;{}&#8221;]<\/p>\n<h1><span style=\"color: #666666;\">Facilities<\/span><\/h1>\n<p>[\/et_pb_text][et_pb_text _builder_version=&#8221;4.17.6&#8243; _module_preset=&#8221;1f09816e-184e-4ce5-a4cf-b39c52c423ca&#8221; text_font=&#8221;Open Sans||||||||&#8221; text_text_color=&#8221;#666666&#8243; text_font_size=&#8221;16px&#8221; text_line_height=&#8221;1.8em&#8221; link_text_color=&#8221;#666666&#8243; text_orientation=&#8221;center&#8221; text_font_size_tablet=&#8221;15px&#8221; text_font_size_phone=&#8221;14px&#8221; text_font_size_last_edited=&#8221;on|phone&#8221; header_font_size_tablet=&#8221;55px&#8221; header_font_size_last_edited=&#8221;off|desktop&#8221; global_colors_info=&#8221;{}&#8221;][\/et_pb_text][\/et_pb_column][\/et_pb_row][et_pb_row column_structure=&#8221;1_3,1_3,1_3&#8243; _builder_version=&#8221;4.17.6&#8243; _module_preset=&#8221;default&#8221; saved_tabs=&#8221;all&#8221; global_colors_info=&#8221;{}&#8221;][et_pb_column type=&#8221;1_3&#8243; _builder_version=&#8221;4.17.6&#8243; _module_preset=&#8221;default&#8221; global_colors_info=&#8221;{}&#8221;][et_pb_icon font_icon=&#8221;&#xf590;||fa||900&#8243; icon_color=&#8221;#789aaa&#8221; icon_width=&#8221;69px&#8221; _builder_version=&#8221;4.21.0&#8243; _module_preset=&#8221;default&#8221; global_colors_info=&#8221;{}&#8221;][\/et_pb_icon][et_pb_text _builder_version=&#8221;4.21.0&#8243; _module_preset=&#8221;4827deed-2a92-4d97-a22f-f01067ae6873&#8243; header_font=&#8221;||||||||&#8221; header_4_font=&#8221;Manrope|700|||||||&#8221; header_4_text_color=&#8221;#000000&#8243; header_4_font_size=&#8221;19px&#8221; header_4_line_height=&#8221;1.4em&#8221; text_orientation=&#8221;center&#8221; custom_margin=&#8221;||0px||false|false&#8221; header_4_font_size_tablet=&#8221;16px&#8221; header_4_font_size_phone=&#8221;14px&#8221; header_4_font_size_last_edited=&#8221;on|tablet&#8221; global_colors_info=&#8221;{}&#8221;]<\/p>\n<h4>Reception Area<\/h4>\n<p>[\/et_pb_text][\/et_pb_column][et_pb_column type=&#8221;1_3&#8243; _builder_version=&#8221;4.17.6&#8243; _module_preset=&#8221;default&#8221; global_colors_info=&#8221;{}&#8221;][et_pb_icon font_icon=&#8221;&#xf562;||fa||900&#8243; icon_color=&#8221;#789aaa&#8221; icon_width=&#8221;69px&#8221; _builder_version=&#8221;4.21.0&#8243; _module_preset=&#8221;default&#8221; global_colors_info=&#8221;{}&#8221;][\/et_pb_icon][et_pb_text _builder_version=&#8221;4.17.6&#8243; _module_preset=&#8221;4827deed-2a92-4d97-a22f-f01067ae6873&#8243; header_font=&#8221;||||||||&#8221; header_4_font=&#8221;Manrope|700|||||||&#8221; header_4_text_color=&#8221;#000000&#8243; header_4_font_size=&#8221;19px&#8221; header_4_line_height=&#8221;1.4em&#8221; text_orientation=&#8221;center&#8221; custom_margin=&#8221;||0px||false|false&#8221; header_4_font_size_tablet=&#8221;16px&#8221; header_4_font_size_phone=&#8221;14px&#8221; header_4_font_size_last_edited=&#8221;on|tablet&#8221; global_colors_info=&#8221;{}&#8221;]<\/p>\n<h4>Waiting Area<\/h4>\n<p>[\/et_pb_text][\/et_pb_column][et_pb_column type=&#8221;1_3&#8243; _builder_version=&#8221;4.17.6&#8243; _module_preset=&#8221;default&#8221; global_colors_info=&#8221;{}&#8221;][et_pb_icon font_icon=&#8221;&#xf7bd;||fa||900&#8243; icon_color=&#8221;#789aaa&#8221; icon_width=&#8221;69px&#8221; _builder_version=&#8221;4.21.0&#8243; _module_preset=&#8221;default&#8221; global_colors_info=&#8221;{}&#8221;][\/et_pb_icon][et_pb_text _builder_version=&#8221;4.17.6&#8243; _module_preset=&#8221;4827deed-2a92-4d97-a22f-f01067ae6873&#8243; header_font=&#8221;||||||||&#8221; header_4_font=&#8221;Manrope|700|||||||&#8221; header_4_text_color=&#8221;#000000&#8243; header_4_font_size=&#8221;19px&#8221; header_4_line_height=&#8221;1.4em&#8221; text_orientation=&#8221;center&#8221; custom_margin=&#8221;||0px||false|false&#8221; header_4_font_size_tablet=&#8221;16px&#8221; header_4_font_size_phone=&#8221;14px&#8221; header_4_font_size_last_edited=&#8221;on|tablet&#8221; global_colors_info=&#8221;{}&#8221;]<\/p>\n<h4>Changing Room<\/h4>\n<p>[\/et_pb_text][\/et_pb_column][\/et_pb_row][et_pb_row column_structure=&#8221;1_5,1_5,1_5,1_5,1_5&#8243; _builder_version=&#8221;4.17.6&#8243; _module_preset=&#8221;default&#8221; saved_tabs=&#8221;all&#8221; global_colors_info=&#8221;{}&#8221;][et_pb_column type=&#8221;1_5&#8243; _builder_version=&#8221;4.17.6&#8243; _module_preset=&#8221;default&#8221; global_colors_info=&#8221;{}&#8221;][et_pb_image src=&#8221;https:\/\/grupocdi.com.mx\/wp-content\/uploads\/2024\/05\/Recurso-11.png&#8221; title_text=&#8221;Recurso 11&#8243; align=&#8221;center&#8221; _builder_version=&#8221;4.21.0&#8243; _module_preset=&#8221;default&#8221; transform_scale=&#8221;90%|90%&#8221; custom_margin=&#8221;0px||10px||false|false&#8221; global_colors_info=&#8221;{}&#8221;][\/et_pb_image][et_pb_text _builder_version=&#8221;4.17.6&#8243; _module_preset=&#8221;4827deed-2a92-4d97-a22f-f01067ae6873&#8243; header_font=&#8221;||||||||&#8221; header_4_font=&#8221;Manrope|700|||||||&#8221; header_4_text_color=&#8221;#000000&#8243; header_4_font_size=&#8221;19px&#8221; header_4_line_height=&#8221;1.4em&#8221; text_orientation=&#8221;center&#8221; custom_margin=&#8221;||0px||false|false&#8221; header_4_font_size_tablet=&#8221;16px&#8221; header_4_font_size_phone=&#8221;14px&#8221; header_4_font_size_last_edited=&#8221;on|tablet&#8221; global_colors_info=&#8221;{}&#8221;]<\/p>\n<h4>Magnetic Resonance Imaging (MRI)<\/h4>\n<p>[\/et_pb_text][\/et_pb_column][et_pb_column type=&#8221;1_5&#8243; _builder_version=&#8221;4.17.6&#8243; _module_preset=&#8221;default&#8221; global_colors_info=&#8221;{}&#8221;][et_pb_image src=&#8221;https:\/\/grupocdi.com.mx\/wp-content\/uploads\/2024\/05\/Recurso-9.png&#8221; title_text=&#8221;Recurso 9&#8243; align=&#8221;center&#8221; _builder_version=&#8221;4.21.0&#8243; _module_preset=&#8221;default&#8221; custom_margin=&#8221;||10px||false|false&#8221; global_colors_info=&#8221;{}&#8221;][\/et_pb_image][et_pb_text _builder_version=&#8221;4.17.6&#8243; _module_preset=&#8221;4827deed-2a92-4d97-a22f-f01067ae6873&#8243; header_font=&#8221;||||||||&#8221; header_4_font=&#8221;Manrope|700|||||||&#8221; header_4_text_color=&#8221;#000000&#8243; header_4_font_size=&#8221;19px&#8221; header_4_line_height=&#8221;1.4em&#8221; text_orientation=&#8221;center&#8221; custom_margin=&#8221;||0px||false|false&#8221; header_4_font_size_tablet=&#8221;16px&#8221; header_4_font_size_phone=&#8221;14px&#8221; header_4_font_size_last_edited=&#8221;on|tablet&#8221; global_colors_info=&#8221;{}&#8221;]<\/p>\n<h4>Mammogram<\/h4>\n<p>[\/et_pb_text][\/et_pb_column][et_pb_column type=&#8221;1_5&#8243; _builder_version=&#8221;4.17.6&#8243; _module_preset=&#8221;default&#8221; global_colors_info=&#8221;{}&#8221;][et_pb_image src=&#8221;https:\/\/grupocdi.com.mx\/wp-content\/uploads\/2024\/05\/Recurso-10.png&#8221; title_text=&#8221;Recurso 10&#8243; align=&#8221;center&#8221; _builder_version=&#8221;4.21.0&#8243; _module_preset=&#8221;default&#8221; transform_scale=&#8221;80%|80%&#8221; custom_margin=&#8221;||10px||false|false&#8221; global_colors_info=&#8221;{}&#8221;][\/et_pb_image][et_pb_text _builder_version=&#8221;4.17.6&#8243; _module_preset=&#8221;4827deed-2a92-4d97-a22f-f01067ae6873&#8243; header_font=&#8221;||||||||&#8221; header_4_font=&#8221;Manrope|700|||||||&#8221; header_4_text_color=&#8221;#000000&#8243; header_4_font_size=&#8221;19px&#8221; header_4_line_height=&#8221;1.4em&#8221; text_orientation=&#8221;center&#8221; custom_margin=&#8221;||0px||false|false&#8221; header_4_font_size_tablet=&#8221;16px&#8221; header_4_font_size_phone=&#8221;14px&#8221; header_4_font_size_last_edited=&#8221;on|tablet&#8221; global_colors_info=&#8221;{}&#8221;]<\/p>\n<h4>Ultrasound<\/h4>\n<p>[\/et_pb_text][\/et_pb_column][et_pb_column type=&#8221;1_5&#8243; _builder_version=&#8221;4.17.6&#8243; _module_preset=&#8221;default&#8221; global_colors_info=&#8221;{}&#8221;][et_pb_image src=&#8221;https:\/\/grupocdi.com.mx\/wp-content\/uploads\/2024\/05\/Recurso-8.png&#8221; title_text=&#8221;Recurso 8&#8243; align=&#8221;center&#8221; _builder_version=&#8221;4.21.0&#8243; _module_preset=&#8221;default&#8221; transform_scale=&#8221;80%|80%&#8221; custom_margin=&#8221;||10px||false|false&#8221; global_colors_info=&#8221;{}&#8221;][\/et_pb_image][et_pb_text _builder_version=&#8221;4.17.6&#8243; _module_preset=&#8221;4827deed-2a92-4d97-a22f-f01067ae6873&#8243; header_font=&#8221;||||||||&#8221; header_4_font=&#8221;Manrope|700|||||||&#8221; header_4_text_color=&#8221;#000000&#8243; header_4_font_size=&#8221;19px&#8221; header_4_line_height=&#8221;1.4em&#8221; text_orientation=&#8221;center&#8221; custom_margin=&#8221;||0px||false|false&#8221; header_4_font_size_tablet=&#8221;16px&#8221; header_4_font_size_phone=&#8221;14px&#8221; header_4_font_size_last_edited=&#8221;on|tablet&#8221; global_colors_info=&#8221;{}&#8221;]<\/p>\n<h4>X Rays<\/h4>\n<p>[\/et_pb_text][\/et_pb_column][et_pb_column type=&#8221;1_5&#8243; _builder_version=&#8221;4.17.6&#8243; _module_preset=&#8221;default&#8221; global_colors_info=&#8221;{}&#8221;][et_pb_image src=&#8221;https:\/\/grupocdi.com.mx\/wp-content\/uploads\/2024\/05\/Recurso-11.png&#8221; title_text=&#8221;Recurso 11&#8243; align=&#8221;center&#8221; _builder_version=&#8221;4.21.0&#8243; _module_preset=&#8221;default&#8221; transform_scale=&#8221;90%|90%&#8221; custom_margin=&#8221;0px||10px||false|false&#8221; global_colors_info=&#8221;{}&#8221; disabled_on=&#8221;on|on|on&#8221; disabled=&#8221;on&#8221;][\/et_pb_image][et_pb_text _builder_version=&#8221;4.17.6&#8243; _module_preset=&#8221;4827deed-2a92-4d97-a22f-f01067ae6873&#8243; header_font=&#8221;||||||||&#8221; header_4_font=&#8221;Manrope|700|||||||&#8221; header_4_text_color=&#8221;#000000&#8243; header_4_font_size=&#8221;19px&#8221; header_4_line_height=&#8221;1.4em&#8221; text_orientation=&#8221;center&#8221; custom_margin=&#8221;||0px||false|false&#8221; header_4_font_size_tablet=&#8221;16px&#8221; header_4_font_size_phone=&#8221;14px&#8221; header_4_font_size_last_edited=&#8221;on|tablet&#8221; global_colors_info=&#8221;{}&#8221; disabled_on=&#8221;on|on|on&#8221; disabled=&#8221;on&#8221;]<\/p>\n<h4>Tomograf\u00eda<\/h4>\n<p>[\/et_pb_text][\/et_pb_column][\/et_pb_row][\/et_pb_section][et_pb_section fb_built=&#8221;1&#8243; prev_background_color=&#8221;#FFFFFF&#8221; admin_label=&#8221;Gallery&#8221; _builder_version=&#8221;4.21.0&#8243; _module_preset=&#8221;default&#8221; background_color=&#8221;#738b9b&#8221; custom_margin=&#8221;||-29px||false|false&#8221; top_divider_style=&#8221;wave&#8221; top_divider_height=&#8221;14px&#8221; top_divider_repeat=&#8221;18x&#8221; collapsed=&#8221;on&#8221; global_colors_info=&#8221;{}&#8221;][et_pb_row _builder_version=&#8221;4.17.6&#8243; _module_preset=&#8221;default&#8221; global_colors_info=&#8221;{}&#8221;][et_pb_column type=&#8221;4_4&#8243; _builder_version=&#8221;4.17.6&#8243; _module_preset=&#8221;default&#8221; global_colors_info=&#8221;{}&#8221;][et_pb_text _builder_version=&#8221;4.18.0&#8243; _module_preset=&#8221;b327cbe4-b1d5-4b66-ad37-40c8f2f061ba&#8221; header_font=&#8221;Cantata One||||||||&#8221; header_font_size=&#8221;36px&#8221; header_2_font=&#8221;Manrope|700|||||||&#8221; header_2_text_color=&#8221;#000000&#8243; header_2_font_size=&#8221;48px&#8221; header_2_line_height=&#8221;1.2em&#8221; text_orientation=&#8221;center&#8221; header_2_font_size_tablet=&#8221;32px&#8221; header_2_font_size_phone=&#8221;20px&#8221; header_2_font_size_last_edited=&#8221;on|desktop&#8221; inline_fonts=&#8221;Cantata One&#8221; global_colors_info=&#8221;{}&#8221;]<\/p>\n<h2><span style=\"font-family: 'Cantata One'; font-weight: normal; color: #ffffff; font-size: xx-large;\">Gallery<\/span><\/h2>\n<p>[\/et_pb_text][\/et_pb_column][\/et_pb_row][et_pb_row column_structure=&#8221;1_3,1_3,1_3&#8243; use_custom_gutter=&#8221;on&#8221; gutter_width=&#8221;2&#8243; _builder_version=&#8221;4.17.6&#8243; _module_preset=&#8221;default&#8221; global_colors_info=&#8221;{}&#8221;][et_pb_column type=&#8221;1_3&#8243; _builder_version=&#8221;4.17.6&#8243; _module_preset=&#8221;default&#8221; global_colors_info=&#8221;{}&#8221;][et_pb_image src=&#8221;http:\/\/grupocdi.com.mx\/wp-content\/uploads\/2024\/01\/5L9B9514-1-scaled.jpg&#8221; title_text=&#8221;5L9B9514&#8243; _builder_version=&#8221;4.21.0&#8243; _module_preset=&#8221;default&#8221; custom_margin=&#8221;||30px||false|false&#8221; global_colors_info=&#8221;{}&#8221;][\/et_pb_image][et_pb_image src=&#8221;http:\/\/grupocdi.com.mx\/wp-content\/uploads\/2024\/01\/5L9B9543-scaled.jpg&#8221; title_text=&#8221;5L9B9543&#8243; align=&#8221;right&#8221; _builder_version=&#8221;4.21.0&#8243; _module_preset=&#8221;default&#8221; global_colors_info=&#8221;{}&#8221;][\/et_pb_image][et_pb_image src=&#8221;http:\/\/grupocdi.com.mx\/wp-content\/uploads\/2024\/01\/5L9B9466-1-scaled.jpg&#8221; title_text=&#8221;5L9B9466&#8243; align=&#8221;right&#8221; _builder_version=&#8221;4.21.0&#8243; _module_preset=&#8221;default&#8221; custom_margin=&#8221;40px||||false|false&#8221; global_colors_info=&#8221;{}&#8221;][\/et_pb_image][et_pb_image src=&#8221;https:\/\/grupocdi.com.mx\/wp-content\/uploads\/2025\/04\/2.jpg&#8221; title_text=&#8221;2&#8243; align=&#8221;right&#8221; _builder_version=&#8221;4.21.0&#8243; _module_preset=&#8221;default&#8221; custom_margin=&#8221;33px||||false|false&#8221; global_colors_info=&#8221;{}&#8221; disabled_on=&#8221;on|on|on&#8221; disabled=&#8221;on&#8221;][\/et_pb_image][\/et_pb_column][et_pb_column type=&#8221;1_3&#8243; _builder_version=&#8221;4.17.6&#8243; _module_preset=&#8221;default&#8221; global_colors_info=&#8221;{}&#8221;][et_pb_image src=&#8221;http:\/\/grupocdi.com.mx\/wp-content\/uploads\/2024\/01\/5L9B9639-scaled.jpg&#8221; title_text=&#8221;5L9B9639&#8243; _builder_version=&#8221;4.21.0&#8243; _module_preset=&#8221;default&#8221; custom_margin=&#8221;||30px||false|false&#8221; locked=&#8221;off&#8221; global_colors_info=&#8221;{}&#8221;][\/et_pb_image][et_pb_image src=&#8221;http:\/\/grupocdi.com.mx\/wp-content\/uploads\/2024\/01\/5L9B9477-1-scaled.jpg&#8221; title_text=&#8221;5L9B9477&#8243; align=&#8221;right&#8221; _builder_version=&#8221;4.21.0&#8243; _module_preset=&#8221;default&#8221; locked=&#8221;off&#8221; global_colors_info=&#8221;{}&#8221;][\/et_pb_image][et_pb_image src=&#8221;https:\/\/grupocdi.com.mx\/wp-content\/uploads\/2025\/04\/4.jpg&#8221; title_text=&#8221;4&#8243; align=&#8221;right&#8221; _builder_version=&#8221;4.21.0&#8243; _module_preset=&#8221;default&#8221; locked=&#8221;off&#8221; global_colors_info=&#8221;{}&#8221;][\/et_pb_image][\/et_pb_column][et_pb_column type=&#8221;1_3&#8243; _builder_version=&#8221;4.17.6&#8243; _module_preset=&#8221;default&#8221; global_colors_info=&#8221;{}&#8221;][et_pb_image src=&#8221;http:\/\/grupocdi.com.mx\/wp-content\/uploads\/2024\/01\/5L9B9500-1-scaled.jpg&#8221; title_text=&#8221;5L9B9500&#8243; _builder_version=&#8221;4.21.0&#8243; _module_preset=&#8221;default&#8221; custom_margin=&#8221;||30px||false|false&#8221; locked=&#8221;off&#8221; global_colors_info=&#8221;{}&#8221;][\/et_pb_image][et_pb_image src=&#8221;http:\/\/grupocdi.com.mx\/wp-content\/uploads\/2024\/01\/5L9B9526-scaled.jpg&#8221; title_text=&#8221;5L9B9526&#8243; align=&#8221;right&#8221; _builder_version=&#8221;4.21.0&#8243; _module_preset=&#8221;default&#8221; locked=&#8221;off&#8221; global_colors_info=&#8221;{}&#8221;][\/et_pb_image][et_pb_image src=&#8221;https:\/\/grupocdi.com.mx\/wp-content\/uploads\/2025\/04\/Diseno-sin-titulo.jpg&#8221; title_text=&#8221;Dise\u00f1o sin t\u00edtulo&#8221; _builder_version=&#8221;4.21.0&#8243; _module_preset=&#8221;default&#8221; custom_margin=&#8221;||30px||false|false&#8221; locked=&#8221;off&#8221; global_colors_info=&#8221;{}&#8221;][\/et_pb_image][\/et_pb_column][\/et_pb_row][\/et_pb_section][et_pb_section fb_built=&#8221;1&#8243; admin_label=&#8221;Footer&#8221; _builder_version=&#8221;4.21.0&#8243; _module_preset=&#8221;default&#8221; background_color=&#8221;#FFFFFF&#8221; min_height=&#8221;526.1px&#8221; custom_margin=&#8221;23px||-118px||false|false&#8221; custom_padding=&#8221;||0px||false|false&#8221; top_divider_style=&#8221;wave&#8221; top_divider_color=&#8221;#738b9b&#8221; top_divider_height=&#8221;14px&#8221; top_divider_repeat=&#8221;18x&#8221; top_divider_arrangement=&#8221;above_content&#8221; collapsed=&#8221;on&#8221; global_colors_info=&#8221;{}&#8221;][et_pb_row _builder_version=&#8221;4.17.6&#8243; _module_preset=&#8221;default&#8221; width=&#8221;100%&#8221; max_width=&#8221;100%&#8221; custom_margin=&#8221;-68px|auto||auto||&#8221; custom_padding=&#8221;||0px||false|false&#8221; global_colors_info=&#8221;{}&#8221;][et_pb_column type=&#8221;4_4&#8243; _builder_version=&#8221;4.17.6&#8243; _module_preset=&#8221;default&#8221; global_colors_info=&#8221;{}&#8221;][et_pb_code _builder_version=&#8221;4.21.0&#8243; _module_preset=&#8221;default&#8221; min_height=&#8221;488.5px&#8221; custom_margin=&#8221;-14px||||false|false&#8221; filter_hue_rotate=&#8221;219deg&#8221; filter_saturate=&#8221;37%&#8221; filter_brightness=&#8221;81%&#8221; filter_invert=&#8221;100%&#8221; global_colors_info=&#8221;{}&#8221;]<iframe src=\"https:\/\/www.google.com\/maps\/embed?pb=!1m18!1m12!1m3!1d3721.978749198149!2d-101.67286428533292!3d21.113413385952587!2m3!1f0!2f0!3f0!3m2!1i1024!2i768!4f13.1!3m3!1m2!1s0x842bbfa8e844d0bd%3A0x41ac87b5eb435252!2sVenecia%20402%2C%20Andrade%2C%2037370%20Le%C3%B3n%2C%20Gto.!5e0!3m2!1ses-419!2smx!4v1665769785573!5m2!1ses-419!2smx\" width=\"100%\" height=\"450\" style=\"border:0;\" allowfullscreen=\"\" loading=\"lazy\" referrerpolicy=\"no-referrer-when-downgrade\"><\/iframe>[\/et_pb_code][\/et_pb_column][\/et_pb_row][\/et_pb_section]<\/p>","protected":false},"excerpt":{"rendered":"<p>InstalacionesRecepci\u00f3nSala de EsperaVestidoresResonancia Magn\u00e9ticaMast\u00f3grafoUltrasonidoRayos XTomograf\u00edaGaler\u00eda<\/p>","protected":false},"author":1,"featured_media":0,"parent":0,"menu_order":0,"comment_status":"closed","ping_status":"closed","template":"","meta":{"_et_pb_use_builder":"on","_et_pb_old_content":"","_et_gb_content_width":"","_themeisle_gutenberg_block_has_review":false,"footnotes":""},"class_list":["post-327","page","type-page","status-publish","hentry"],"_links":{"self":[{"href":"https:\/\/grupocdi.com.mx\/en\/wp-json\/wp\/v2\/pages\/327","targetHints":{"allow":["GET"]}}],"collection":[{"href":"https:\/\/grupocdi.com.mx\/en\/wp-json\/wp\/v2\/pages"}],"about":[{"href":"https:\/\/grupocdi.com.mx\/en\/wp-json\/wp\/v2\/types\/page"}],"author":[{"embeddable":true,"href":"https:\/\/grupocdi.com.mx\/en\/wp-json\/wp\/v2\/users\/1"}],"replies":[{"embeddable":true,"href":"https:\/\/grupocdi.com.mx\/en\/wp-json\/wp\/v2\/comments?post=327"}],"version-history":[{"count":12,"href":"https:\/\/grupocdi.com.mx\/en\/wp-json\/wp\/v2\/pages\/327\/revisions"}],"predecessor-version":[{"id":841,"href":"https:\/\/grupocdi.com.mx\/en\/wp-json\/wp\/v2\/pages\/327\/revisions\/841"}],"wp:attachment":[{"href":"https:\/\/grupocdi.com.mx\/en\/wp-json\/wp\/v2\/media?parent=327"}],"curies":[{"name":"wp","href":"https:\/\/api.w.org\/{rel}","templated":true}]}}